{"id":300,"date":"2019-08-23T19:41:10","date_gmt":"2019-08-23T19:41:10","guid":{"rendered":"http:\/\/saltodelpenitente.com\/es\/?page_id=300"},"modified":"2025-07-17T01:48:52","modified_gmt":"2025-07-17T01:48:52","slug":"antes-de-ir","status":"publish","type":"page","link":"https:\/\/saltodelpenitente.com\/es\/antes-de-ir\/","title":{"rendered":"Antes de ir"},"content":{"rendered":"<div class=\"fusion-fullwidth fullwidth-box fusion-builder-row-1 nonhundred-percent-fullwidth non-hundred-percent-height-scrolling\" style=\"--awb-border-radius-top-left:0px;--awb-border-radius-top-right:0px;--awb-border-radius-bottom-right:0px;--awb-border-radius-bottom-left:0px;--awb-padding-top:60px;--awb-padding-bottom:60px;--awb-flex-wrap:wrap;\" ><div class=\"fusion-builder-row fusion-row\"><div class=\"fusion-layout-column fusion_builder_column fusion-builder-column-0 fusion_builder_column_1_2 1_2 fusion-one-half fusion-column-first\" style=\"--awb-bg-size:cover;width:50%;width:calc(50% - ( ( 4% ) * 0.5 ) );margin-right: 4%;\"><div class=\"fusion-column-wrapper fusion-column-has-shadow fusion-flex-column-wrapper-legacy\"><div class=\"fusion-content-boxes content-boxes columns row fusion-columns-1 fusion-columns-total-1 fusion-content-boxes-1 content-boxes-icon-with-title content-left\" style=\"--awb-body-color:#383838;--awb-title-color:#1f5236;--awb-hover-accent-color:#347228;--awb-circle-hover-accent-color:#347228;--awb-item-margin-bottom:40px;\" data-animationOffset=\"top-into-view\"><div style=\"--awb-backgroundcolor:rgba(255,255,255,0);\" class=\"fusion-column content-box-column content-box-column content-box-column-1 col-lg-12 col-md-12 col-sm-12 fusion-content-box-hover content-box-column-last content-box-column-last-in-row\"><div class=\"col content-box-wrapper content-wrapper link-area-link-icon icon-hover-animation-fade\" data-animationOffset=\"top-into-view\"><div class=\"heading heading-with-icon icon-left\"><div aria-hidden=\"true\" class=\"image\"><img decoding=\"async\" src=\"https:\/\/saltodelpenitente.com\/es\/wp-content\/uploads\/2019\/08\/ic-informacion.png\" width=\"80\" height=\"76\" alt=\"Informaci\u00f3n a tener en cuenta\" \/><\/div><h1 class=\"content-box-heading\" style=\"--h1_typography-font-size:34px;line-height:39px;\">A tener en cuenta<\/h1><\/div><div class=\"fusion-clearfix\"><\/div><div class=\"content-container\">\n<ul style=\"--awb-line-height:27.2px;--awb-icon-width:27.2px;--awb-icon-height:27.2px;--awb-icon-margin:11.2px;--awb-content-margin:38.4px;--awb-circlecolor:#1f5236;--awb-circle-yes-font-size:14.08px;\" class=\"fusion-checklist fusion-checklist-1 fusion-checklist-default type-icons\"><li class=\"fusion-li-item\" style=\"\"><span class=\"icon-wrapper circle-yes\"><i class=\"fusion-li-icon fa-calendar-alt far\" aria-hidden=\"true\"><\/i><\/span><div class=\"fusion-li-item-content\">El Parque est\u00e1 abierto todos los d\u00edas del a\u00f1o.<\/div><\/li><li class=\"fusion-li-item\" style=\"\"><span class=\"icon-wrapper circle-yes\"><i class=\"fusion-li-icon fa-clock fas\" aria-hidden=\"true\"><\/i><\/span><div class=\"fusion-li-item-content\">El horario es de 10:00 a 18:00.<\/div><\/li><li class=\"fusion-li-item\" style=\"\"><span class=\"icon-wrapper circle-yes\"><i class=\"fusion-li-icon fa-coins fas\" aria-hidden=\"true\"><\/i><\/span><div class=\"fusion-li-item-content\">El ingreso tiene un costo por persona, que se destina al mantenimiento del Parque.<\/div><\/li><li class=\"fusion-li-item\" style=\"\"><span class=\"icon-wrapper circle-yes\"><i class=\"fusion-li-icon fa-money-bill-wave fas\" aria-hidden=\"true\"><\/i><\/span><div class=\"fusion-li-item-content\">No es posible hacer pagos con tarjeta, TODOS LOS PAGOS SON EN EFECTIVO.<\/div><\/li><li class=\"fusion-li-item\" style=\"\"><span class=\"icon-wrapper circle-yes\"><i class=\"fusion-li-icon fa-wifi fas\" aria-hidden=\"true\"><\/i><\/span><div class=\"fusion-li-item-content\">Hay ninguna o muy poca se\u00f1al de celular.<\/div><\/li><li class=\"fusion-li-item\" style=\"\"><span class=\"icon-wrapper circle-yes\"><i class=\"fusion-li-icon fa-dog fas\" aria-hidden=\"true\"><\/i><\/span><div class=\"fusion-li-item-content\">Se admiten mascotas, con correa.<\/div><\/li><li class=\"fusion-li-item\" style=\"\"><span class=\"icon-wrapper circle-yes\"><i class=\"fusion-li-icon fa-tshirt fas\" aria-hidden=\"true\"><\/i><\/span><div class=\"fusion-li-item-content\">Sugerimos vestir ropa c\u00f3moda.<\/div><\/li><li class=\"fusion-li-item\" style=\"\"><span class=\"icon-wrapper circle-yes\"><i class=\"fusion-li-icon fa-sun fas\" aria-hidden=\"true\"><\/i><\/span><div class=\"fusion-li-item-content\">En \u00e9pocas de mucho sol es aconsejable el uso de protector solar y repelente de insectos.<\/div><\/li><\/ul>\n<\/div><\/div><\/div><div class=\"fusion-clearfix\"><\/div><\/div><div class=\"fusion-image-element fusion-image-align-center in-legacy-container\" style=\"text-align:center;--awb-caption-title-font-family:var(--h2_typography-font-family);--awb-caption-title-font-weight:var(--h2_typography-font-weight);--awb-caption-title-font-style:var(--h2_typography-font-style);--awb-caption-title-size:var(--h2_typography-font-size);--awb-caption-title-transform:var(--h2_typography-text-transform);--awb-caption-title-line-height:var(--h2_typography-line-height);--awb-caption-title-letter-spacing:var(--h2_typography-letter-spacing);\"><div class=\"imageframe-align-center\"><span class=\" fusion-imageframe imageframe-none imageframe-1 hover-type-none\" style=\"border:7px solid rgba(255,255,255,0.8);border-radius:10px;\"><img decoding=\"async\" width=\"500\" height=\"358\" alt=\"Escalada\" title=\"Te esperamos!\" src=\"https:\/\/saltodelpenitente.com\/es\/wp-content\/uploads\/2019\/08\/antes-de-ir-cartel-2.jpg\" class=\"img-responsive wp-image-313\" srcset=\"https:\/\/saltodelpenitente.com\/es\/wp-content\/uploads\/2019\/08\/antes-de-ir-cartel-2-200x143.jpg 200w, https:\/\/saltodelpenitente.com\/es\/wp-content\/uploads\/2019\/08\/antes-de-ir-cartel-2-400x286.jpg 400w, https:\/\/saltodelpenitente.com\/es\/wp-content\/uploads\/2019\/08\/antes-de-ir-cartel-2.jpg 500w\" sizes=\"(max-width: 800px) 100vw, 500px\" \/><\/span><\/div><\/div><div class=\"fusion-clearfix\"><\/div><\/div><\/div><div class=\"fusion-layout-column fusion_builder_column fusion-builder-column-1 fusion_builder_column_1_2 1_2 fusion-one-half fusion-column-last\" style=\"--awb-bg-size:cover;--awb-border-color:#9e9e9e;--awb-border-top:0;--awb-border-right:0;--awb-border-bottom:0;--awb-border-left:0;--awb-border-style:solid;width:50%;width:calc(50% - ( ( 4% ) * 0.5 ) );\"><div class=\"fusion-column-wrapper fusion-column-has-shadow fusion-flex-column-wrapper-legacy\"><div class=\"fusion-content-boxes content-boxes columns row fusion-columns-1 fusion-columns-total-1 fusion-content-boxes-2 content-boxes-icon-with-title content-left\" style=\"--awb-body-color:#383838;--awb-title-color:#1f5236;--awb-margin-bottom:0px;--awb-hover-accent-color:#347228;--awb-circle-hover-accent-color:#347228;--awb-item-margin-bottom:40px;\" data-animationOffset=\"top-into-view\"><div style=\"--awb-backgroundcolor:rgba(255,255,255,0);\" class=\"fusion-column content-box-column content-box-column content-box-column-1 col-lg-12 col-md-12 col-sm-12 fusion-content-box-hover content-box-column-last content-box-column-last-in-row\"><div class=\"col content-box-wrapper content-wrapper link-area-link-icon icon-hover-animation-fade\" data-animationOffset=\"top-into-view\"><div class=\"heading heading-with-icon icon-left\"><div aria-hidden=\"true\" class=\"image\"><img decoding=\"async\" src=\"https:\/\/saltodelpenitente.com\/es\/wp-content\/uploads\/2019\/08\/ic-como-llegar.png\" width=\"80\" height=\"76\" alt=\"C\u00f3mo llegar\" \/><\/div><h1 class=\"content-box-heading\" style=\"--h1_typography-font-size:34px;line-height:39px;\">C\u00f3mo llegar<\/h1><\/div><div class=\"fusion-clearfix\"><\/div><div class=\"content-container\"><div class=\"fusion-sep-clear\"><\/div><div class=\"fusion-separator fusion-full-width-sep\" style=\"margin-left: auto;margin-right: auto;margin-top:10px;width:100%;\"><\/div><div class=\"fusion-sep-clear\"><\/div>El Parque Salto del Penitente se encuentra a 140 kil\u00f3metros de Montevideo, a 97 de Punta del Este y a s\u00f3lo 20 de la ciudad de Minas, Capital de las Sierras.<\/p>\n<p>Desde Minas, siguiendo la Ruta 8 hacia el Este, en el Km. 134 se abre a mano derecha el camino de acceso, que atraviesa 8 kil\u00f3metros de paisaje panor\u00e1mico antes de desembocar en el Parque. Es un camino asfaltado que se encuentra en muy buen estado.<\/div><\/div><\/div><div class=\"fusion-clearfix\"><\/div><\/div><iframe src=\"https:\/\/www.google.com\/maps\/embed?pb=!1m18!1m12!1m3!1d2707.5202284623037!2d-55.0546664852866!3d-34.37219188052006!2m3!1f0!2f0!3f0!3m2!1i1024!2i768!4f13.1!3m3!1m2!1s0x950ac8cc487b37bd%3A0xd5a63943f4d56cb8!2sSalto%20del%20Penitente!5e1!3m2!1ses!2suy!4v1566591265108!5m2!1ses!2suy\" width=\"500\" height=\"500\" frameborder=\"0\" style=\"border: 7px #ffffffcc solid; border-radius: 5px;\" allowfullscreen=\"\"><\/iframe><div class=\"fusion-clearfix\"><\/div><\/div><\/div><\/div><\/div>\n","protected":false},"excerpt":{"rendered":"","protected":false},"author":1,"featured_media":0,"parent":0,"menu_order":0,"comment_status":"closed","ping_status":"closed","template":"100-width.php","meta":{"footnotes":""},"class_list":["post-300","page","type-page","status-publish","hentry"],"_links":{"self":[{"href":"https:\/\/saltodelpenitente.com\/es\/wp-json\/wp\/v2\/pages\/300","targetHints":{"allow":["GET"]}}],"collection":[{"href":"https:\/\/saltodelpenitente.com\/es\/wp-json\/wp\/v2\/pages"}],"about":[{"href":"https:\/\/saltodelpenitente.com\/es\/wp-json\/wp\/v2\/types\/page"}],"author":[{"embeddable":true,"href":"https:\/\/saltodelpenitente.com\/es\/wp-json\/wp\/v2\/users\/1"}],"replies":[{"embeddable":true,"href":"https:\/\/saltodelpenitente.com\/es\/wp-json\/wp\/v2\/comments?post=300"}],"version-history":[{"count":10,"href":"https:\/\/saltodelpenitente.com\/es\/wp-json\/wp\/v2\/pages\/300\/revisions"}],"predecessor-version":[{"id":422,"href":"https:\/\/saltodelpenitente.com\/es\/wp-json\/wp\/v2\/pages\/300\/revisions\/422"}],"wp:attachment":[{"href":"https:\/\/saltodelpenitente.com\/es\/wp-json\/wp\/v2\/media?parent=300"}],"curies":[{"name":"wp","href":"https:\/\/api.w.org\/{rel}","templated":true}]}}